{"id":598,"date":"2015-10-22T10:42:14","date_gmt":"2015-10-22T12:42:14","guid":{"rendered":"http:\/\/startit.select-themes.com\/?page_id=598"},"modified":"2017-03-07T10:13:16","modified_gmt":"2017-03-07T15:13:16","slug":"contact","status":"publish","type":"page","link":"https:\/\/nexu.ca\/pb\/contact\/","title":{"rendered":"Fale Conosco"},"content":{"rendered":"<p>[vc_row content_width=&#8221;grid&#8221; content_aligment=&#8221;center&#8221; css=&#8221;.vc_custom_1483557159990{padding-top: 50px !important;padding-bottom: 50px !important;}&#8221;][vc_column][vc_column_text]<\/p>\n<h2>Fale Conosco<\/h2>\n<p>[\/vc_column_text][vc_empty_space height=&#8221;20px&#8221;][vc_column_text css=&#8221;.vc_custom_1487792632640{padding-right: 16% !important;padding-left: 16% !important;}&#8221;]<\/p>\n<h4>Tem d\u00favida? Precisa de ajuda? Estamos a sua disposi\u00e7\u00e3o.<\/h4>\n<p>[\/vc_column_text][vc_empty_space height=&#8221;20px&#8221;][vc_single_image image=&#8221;5908&#8243; img_size=&#8221;full&#8221;][\/vc_column][\/vc_row][vc_row content_width=&#8221;grid&#8221; css=&#8221;.vc_custom_1483557254324{padding-top: 10px !important;}&#8221;][vc_column]<div class=\"qodef-elements-holder qodef-three-columns qodef-responsive-mode-768 qodef-one-column-alignment-center\" ><div class=\"qodef-elements-holder-item qodef-vertical-alignment-middle qodef-horizontal-alignment-left\" >\r\n\t<div class=\"qodef-elements-holder-item-inner\">\r\n\t\t<div class=\"qodef-elements-holder-item-content qodef-elements-holder-custom-557081\" >\r\n\t\t\t\t\t\t<div class=\"qodef-iwt clearfix qodef-iwt-icon-left qodef-iwt-icon-tiny\">\n    <div class=\"qodef-iwt-icon-holder\">\n                    \n    <span class=\"qodef-icon-shortcode circle\" style=\"width: 37px;height: 37px;line-height: 37px\" data-hover-background-color=\"#979797\">\n        \n        <i class=\"qodef-icon-simple-line-icon icon-pin qodef-icon-element\" style=\"font-size:14px\" ><\/i>\n            <\/span>\n\n            <\/div>\n    <div class=\"qodef-iwt-content-holder\" style=\"padding-left: 22px\">\n                <div class=\"qodef-iwt-text-holder\">\n            <p style=\"color: #a2a2a2\">Brasil: Rua Fid\u00eancio Ramos, 195, cj 86 - S\u00e3o Paulo\/SP<\/p>\n\n                    <\/div>\n    <\/div>\n<\/div>[vc_empty_space height=&#8221;19px&#8221;]<div class=\"qodef-iwt clearfix qodef-iwt-icon-left qodef-iwt-icon-tiny\">\n    <div class=\"qodef-iwt-icon-holder\">\n                    \n    <span class=\"qodef-icon-shortcode circle\" style=\"width: 37px;height: 37px;line-height: 37px\" data-hover-background-color=\"#979797\">\n        \n        <i class=\"qodef-icon-simple-line-icon icon-phone qodef-icon-element\" style=\"font-size:14px\" ><\/i>\n            <\/span>\n\n            <\/div>\n    <div class=\"qodef-iwt-content-holder\" style=\"padding-left: 22px\">\n                <div class=\"qodef-iwt-text-holder\">\n            <p style=\"color: #a2a2a2\">+55 (11) 5053-8070<\/p>\n\n                    <\/div>\n    <\/div>\n<\/div>[vc_empty_space height=&#8221;19px&#8221;]<div class=\"qodef-iwt clearfix qodef-iwt-icon-left qodef-iwt-icon-tiny\">\n    <div class=\"qodef-iwt-icon-holder\">\n                    \n    <span class=\"qodef-icon-shortcode circle\" style=\"width: 37px;height: 37px;line-height: 37px\" data-hover-background-color=\"#979797\">\n        \n        <i class=\"qodef-icon-simple-line-icon icon-envelope qodef-icon-element\" style=\"font-size:14px\" ><\/i>\n            <\/span>\n\n            <\/div>\n    <div class=\"qodef-iwt-content-holder\" style=\"padding-left: 22px\">\n                <div class=\"qodef-iwt-text-holder\">\n            <p style=\"color: #a2a2a2\">vendas@nexu.ca falecom@nexu.ca<\/p>\n\n                    <\/div>\n    <\/div>\n<\/div>[vc_empty_space height=&#8221;20px&#8221;]\t\t<\/div>\r\n\t<\/div>\r\n<\/div><div class=\"qodef-elements-holder-item qodef-vertical-alignment-middle qodef-horizontal-alignment-left\" >\r\n\t<div class=\"qodef-elements-holder-item-inner\">\r\n\t\t<div class=\"qodef-elements-holder-item-content qodef-elements-holder-custom-852125\" >\r\n\t\t\t\t\t\t<div class=\"qodef-iwt clearfix qodef-iwt-icon-left qodef-iwt-icon-tiny\">\n    <div class=\"qodef-iwt-icon-holder\">\n                    \n    <span class=\"qodef-icon-shortcode circle\" style=\"width: 37px;height: 37px;line-height: 37px\" data-hover-background-color=\"#979797\">\n        \n        <i class=\"qodef-icon-simple-line-icon icon-pin qodef-icon-element\" style=\"font-size:14px\" ><\/i>\n            <\/span>\n\n            <\/div>\n    <div class=\"qodef-iwt-content-holder\" style=\"padding-left: 22px\">\n                <div class=\"qodef-iwt-text-holder\">\n            <p style=\"color: #a2a2a2\">Canad\u00e1: 340 King Street East, 2nd Floor - Toronto<\/p>\n\n                    <\/div>\n    <\/div>\n<\/div>[vc_empty_space height=&#8221;19px&#8221;]<div class=\"qodef-iwt clearfix qodef-iwt-icon-left qodef-iwt-icon-tiny\">\n    <div class=\"qodef-iwt-icon-holder\">\n                    \n    <span class=\"qodef-icon-shortcode circle\" style=\"width: 37px;height: 37px;line-height: 37px\" data-hover-background-color=\"#979797\">\n        \n        <i class=\"qodef-icon-simple-line-icon icon-phone qodef-icon-element\" style=\"font-size:14px\" ><\/i>\n            <\/span>\n\n            <\/div>\n    <div class=\"qodef-iwt-content-holder\" style=\"padding-left: 22px\">\n                <div class=\"qodef-iwt-text-holder\">\n            <p style=\"color: #a2a2a2\">+1 (403) 463-1188<\/p>\n\n                    <\/div>\n    <\/div>\n<\/div>[vc_empty_space height=&#8221;19px&#8221;]<div class=\"qodef-iwt clearfix qodef-iwt-icon-left qodef-iwt-icon-tiny\">\n    <div class=\"qodef-iwt-icon-holder\">\n                    \n    <span class=\"qodef-icon-shortcode circle\" style=\"width: 37px;height: 37px;line-height: 37px\" data-hover-background-color=\"#979797\">\n        \n        <i class=\"qodef-icon-simple-line-icon icon-envelope qodef-icon-element\" style=\"font-size:14px\" ><\/i>\n            <\/span>\n\n            <\/div>\n    <div class=\"qodef-iwt-content-holder\" style=\"padding-left: 22px\">\n                <div class=\"qodef-iwt-text-holder\">\n            <p style=\"color: #a2a2a2\">sales@nexu.ca contactus@nexu.ca<\/p>\n\n                    <\/div>\n    <\/div>\n<\/div>[vc_empty_space height=&#8221;20px&#8221;]\t\t<\/div>\r\n\t<\/div>\r\n<\/div><div class=\"qodef-elements-holder-item qodef-vertical-alignment-middle qodef-horizontal-alignment-left\" >\r\n\t<div class=\"qodef-elements-holder-item-inner\">\r\n\t\t<div class=\"qodef-elements-holder-item-content qodef-elements-holder-custom-439889\" >\r\n\t\t\t\t\t\t<div class=\"qodef-iwt clearfix qodef-iwt-icon-left qodef-iwt-icon-tiny\">\n    <div class=\"qodef-iwt-icon-holder\">\n                    \n    <span class=\"qodef-icon-shortcode circle\" style=\"width: 37px;height: 37px;line-height: 37px\" data-hover-background-color=\"#979797\">\n        \n        <i class=\"qodef-icon-simple-line-icon icon-pin qodef-icon-element\" style=\"font-size:14px\" ><\/i>\n            <\/span>\n\n            <\/div>\n    <div class=\"qodef-iwt-content-holder\" style=\"padding-left: 22px\">\n                <div class=\"qodef-iwt-text-holder\">\n            <p style=\"color: #a2a2a2\">Emirados \u00c1rabes: 250, Al Salam Street - Abu Dhabi<\/p>\n\n                    <\/div>\n    <\/div>\n<\/div>[vc_empty_space height=&#8221;19px&#8221;]<div class=\"qodef-iwt clearfix qodef-iwt-icon-left qodef-iwt-icon-tiny\">\n    <div class=\"qodef-iwt-icon-holder\">\n                    \n    <span class=\"qodef-icon-shortcode circle\" style=\"width: 37px;height: 37px;line-height: 37px\" data-hover-background-color=\"#979797\">\n        \n        <i class=\"qodef-icon-simple-line-icon icon-phone qodef-icon-element\" style=\"font-size:14px\" ><\/i>\n            <\/span>\n\n            <\/div>\n    <div class=\"qodef-iwt-content-holder\" style=\"padding-left: 22px\">\n                <div class=\"qodef-iwt-text-holder\">\n            <p style=\"color: #a2a2a2\">+971 52 919 4477<\/p>\n\n                    <\/div>\n    <\/div>\n<\/div>[vc_empty_space height=&#8221;19px&#8221;]<div class=\"qodef-iwt clearfix qodef-iwt-icon-left qodef-iwt-icon-tiny\">\n    <div class=\"qodef-iwt-icon-holder\">\n                    \n    <span class=\"qodef-icon-shortcode circle\" style=\"width: 37px;height: 37px;line-height: 37px\" data-hover-background-color=\"#979797\">\n        \n        <i class=\"qodef-icon-simple-line-icon icon-envelope qodef-icon-element\" style=\"font-size:14px\" ><\/i>\n            <\/span>\n\n            <\/div>\n    <div class=\"qodef-iwt-content-holder\" style=\"padding-left: 22px\">\n                <div class=\"qodef-iwt-text-holder\">\n            <p style=\"color: #a2a2a2\">contactus@nexu.ca<\/p>\n\n                    <\/div>\n    <\/div>\n<\/div>[vc_empty_space height=&#8221;20px&#8221;]\t\t<\/div>\r\n\t<\/div>\r\n<\/div><\/div>[\/vc_column][\/vc_row][vc_row content_width=&#8221;grid&#8221; css=&#8221;.vc_custom_1483557200018{padding-bottom: 50px !important;}&#8221;][vc_column][vc_empty_space height=&#8221;40px&#8221;][vc_column_text]<div role=\"form\" class=\"wpcf7\" id=\"wpcf7-f5693-o2\" lang=\"pt-BR\" dir=\"ltr\">\n<div class=\"screen-reader-response\"><\/div>\n<form action=\"\/pb\/wp-json\/wp\/v2\/pages\/598#wpcf7-f5693-o2\" method=\"post\" class=\"wpcf7-form\" novalidate=\"novalidate\">\n<div style=\"display: none;\">\n<input type=\"hidden\" name=\"_wpcf7\" value=\"5693\" \/>\n<input type=\"hidden\" name=\"_wpcf7_version\" value=\"4.7\" \/>\n<input type=\"hidden\" name=\"_wpcf7_locale\" value=\"pt_BR\" \/>\n<input type=\"hidden\" name=\"_wpcf7_unit_tag\" value=\"wpcf7-f5693-o2\" \/>\n<input type=\"hidden\" name=\"_wpnonce\" value=\"5735ca7f35\" \/>\n<\/div>\n<p><label> Name (required)<br \/>\n    <span class=\"wpcf7-form-control-wrap your-name\"><input type=\"text\" name=\"your-name\" value=\"\" size=\"40\" class=\"wpcf7-form-control wpcf7-text wpcf7-validates-as-required\" aria-required=\"true\" aria-invalid=\"false\" \/><\/span> <\/label><\/p>\n<p><label> E-mail (required)<br \/>\n    <span class=\"wpcf7-form-control-wrap your-email\"><input type=\"email\" name=\"your-email\" value=\"\" size=\"40\" class=\"wpcf7-form-control wpcf7-text wpcf7-email wpcf7-validates-as-required wpcf7-validates-as-email\" aria-required=\"true\" aria-invalid=\"false\" \/><\/span> <\/label><\/p>\n<p><label> Subject<br \/>\n    <span class=\"wpcf7-form-control-wrap your-subject\"><input type=\"text\" name=\"your-subject\" value=\"\" size=\"40\" class=\"wpcf7-form-control wpcf7-text\" aria-invalid=\"false\" \/><\/span> <\/label><\/p>\n<p><label> Message<br \/>\n    <span class=\"wpcf7-form-control-wrap your-message\"><textarea name=\"your-message\" cols=\"40\" rows=\"10\" class=\"wpcf7-form-control wpcf7-textarea\" aria-invalid=\"false\"><\/textarea><\/span> <\/label><\/p>\n<p><input type=\"submit\" value=\"Enviar\" class=\"wpcf7-form-control wpcf7-submit\" \/><\/p>\n<div class=\"wpcf7-response-output wpcf7-display-none\"><\/div><\/form><\/div>[vc_empty_space height=&#8221;50px&#8221;]<\/p>\n<p>[\/vc_column_text][\/vc_column][\/vc_row]<\/p>","protected":false},"excerpt":{"rendered":"<p>[vc_row content_width=&#8221;grid&#8221; content_aligment=&#8221;center&#8221; css=&#8221;.vc_custom_1483557159990{padding-top: 50px !important;padding-bottom: 50px !important;}&#8221;][vc_column][vc_column_text] Fale Conosco [\/vc_column_text][vc_empty_space height=&#8221;20px&#8221;][vc_column_text css=&#8221;.vc_custom_1487792632640{padding-right: 16% !important;padding-left: 16% !important;}&#8221;] Tem d\u00favida? Precisa de&#8230;<\/p>\n","protected":false},"author":2,"featured_media":0,"parent":0,"menu_order":0,"comment_status":"closed","ping_status":"closed","template":"full-width.php","meta":{"footnotes":""},"_links":{"self":[{"href":"https:\/\/nexu.ca\/pb\/wp-json\/wp\/v2\/pages\/598"}],"collection":[{"href":"https:\/\/nexu.ca\/pb\/wp-json\/wp\/v2\/pages"}],"about":[{"href":"https:\/\/nexu.ca\/pb\/wp-json\/wp\/v2\/types\/page"}],"author":[{"embeddable":true,"href":"https:\/\/nexu.ca\/pb\/wp-json\/wp\/v2\/users\/2"}],"replies":[{"embeddable":true,"href":"https:\/\/nexu.ca\/pb\/wp-json\/wp\/v2\/comments?post=598"}],"version-history":[{"count":16,"href":"https:\/\/nexu.ca\/pb\/wp-json\/wp\/v2\/pages\/598\/revisions"}],"predecessor-version":[{"id":6101,"href":"https:\/\/nexu.ca\/pb\/wp-json\/wp\/v2\/pages\/598\/revisions\/6101"}],"wp:attachment":[{"href":"https:\/\/nexu.ca\/pb\/wp-json\/wp\/v2\/media?parent=598"}],"curies":[{"name":"wp","href":"https:\/\/api.w.org\/{rel}","templated":true}]}}