{"id":440,"date":"2015-10-21T14:27:09","date_gmt":"2015-10-21T13:27:09","guid":{"rendered":"http:\/\/startit.select-themes.com\/?page_id=440"},"modified":"2017-04-07T16:28:19","modified_gmt":"2017-04-07T20:28:19","slug":"home-5-2","status":"publish","type":"page","link":"https:\/\/nexu.ca\/pb\/","title":{"rendered":"Home"},"content":{"rendered":"<p>[vc_row content_width=&#8221;grid&#8221; css=&#8221;.vc_custom_1482763752267{padding-top: 15px !important;background-color: #ffffff !important;}&#8221;][vc_column][vc_empty_space]<div class=\"qodef-elements-holder qodef-two-columns qodef-responsive-mode-768\" ><div class=\"qodef-elements-holder-item qodef-vertical-alignment-middle qodef-horizontal-alignment-left qodef-fade-in\" >\r\n\t<div class=\"qodef-elements-holder-item-inner\">\r\n\t\t<div class=\"qodef-elements-holder-item-content qodef-elements-holder-custom-326999\" style=\"padding: 24px 54px 0 0\">\r\n\t\t\t\t\t\t[vc_column_text]<\/p>\n<h2>Por que\u00a0Nexu?<\/h2>\n<p>[\/vc_column_text][vc_empty_space height=&#8221;19px&#8221;][vc_column_text]<\/p>\n<h4>A nossa plataforma de miss\u00e3o cr\u00edtica permite m\u00faltiplas solu\u00e7\u00f5es para processamento de transa\u00e7\u00f5es e distribui\u00e7\u00e3o voltadas \u00e0s necessidades dos nossos clientes. eFresh\u2122 oferece aos varejistas, distribuidores e provedores de conte\u00fado a possibilidade de distribuir produtos e servi\u00e7os financeiros e pr\u00e9-pagos aos seus consumidores finais de forma segura, eficiente e acess\u00edvel.<\/h4>\n<p>[\/vc_column_text][vc_empty_space height=&#8221;43px&#8221;]<a href=\"\/whynexu\" target=\"_self\"  class=\"qodef-btn qodef-btn-medium qodef-btn-solid qodef-btn-icon\"  >\n        <span class=\"qodef-btn-text\">SAIBA MAIS<\/span>\n    <span class=\"qodef-btn-text-icon\"><i class=\"qodef-icon-simple-line-icon icon-arrow-right-circle \" ><\/i><\/span>\n<\/a>[vc_empty_space height=&#8221;40px&#8221;]\t\t<\/div>\r\n\t<\/div>\r\n<\/div><div class=\"qodef-elements-holder-item qodef-vertical-alignment-middle qodef-horizontal-alignment-left\" >\r\n\t<div class=\"qodef-elements-holder-item-inner\">\r\n\t\t<div class=\"qodef-elements-holder-item-content qodef-elements-holder-custom-205689\" style=\"padding: 0 0 0 0\">\r\n\t\t\t\t\t\t<style type=\"text\/css\" data-type=\"qodef-elements-custom-padding\">\r\n\t\t\t\t\t\t\t\t@media only screen and (min-width: 1280px) and (max-width: 1600px) {\r\n\t\t\t\t\t.qodef-elements-holder .qodef-elements-holder-item-content.qodef-elements-holder-custom-205689 {\r\n\t\t\t\t\t\tpadding:  !important;\r\n\t\t\t\t\t}\r\n\t\t\t\t}\r\n\t\t\t\t\t\t\t\t\t\t\t\t\t@media only screen and (min-width: 1024px) and (max-width: 1280px) {\r\n\t\t\t\t\t\t.qodef-elements-holder .qodef-elements-holder-item-content.qodef-elements-holder-custom-205689 {\r\n\t\t\t\t\t\t\tpadding:  !important;\r\n\t\t\t\t\t\t}\r\n\t\t\t\t\t}\r\n\t\t\t\t\t\t\t\t\t\t\t\t@media only screen and (min-width: 768px) and (max-width: 1024px) {\r\n\t\t\t\t\t.qodef-elements-holder .qodef-elements-holder-item-content.qodef-elements-holder-custom-205689 {\r\n\t\t\t\t\t\tpadding: 57px 0 0 0 !important;\r\n\t\t\t\t\t}\r\n\t\t\t\t}\r\n\t\t\t\t\t\t\t\t\t\t\t\t@media only screen and (min-width: 600px) and (max-width: 768px) {\r\n\t\t\t\t\t.qodef-elements-holder .qodef-elements-holder-item-content.qodef-elements-holder-custom-205689 {\r\n\t\t\t\t\t\tpadding:  !important;\r\n\t\t\t\t\t}\r\n\t\t\t\t}\r\n\t\t\t\t\t\t\t\t\t\t\t\t@media only screen and (min-width: 480px) and (max-width: 600px) {\r\n\t\t\t\t\t.qodef-elements-holder .qodef-elements-holder-item-content.qodef-elements-holder-custom-205689 {\r\n\t\t\t\t\t\tpadding:  !important;\r\n\t\t\t\t\t}\r\n\t\t\t\t}\r\n\t\t\t\t\t\t\t\t\t\t\t\t@media only screen and (max-width: 480px) {\r\n\t\t\t\t\t.qodef-elements-holder .qodef-elements-holder-item-content.qodef-elements-holder-custom-205689 {\r\n\t\t\t\t\t\tpadding:  !important;\r\n\t\t\t\t\t}\r\n\t\t\t\t}\r\n\t\t\t\t\t\t\t\t<\/style>\r\n\t\t\t\t\t\t[vc_empty_space height=&#8221;40px&#8221;][vc_single_image image=&#8221;5901&#8243; img_size=&#8221;full&#8221; css_animation=&#8221;bottom-to-top&#8221;]\t\t<\/div>\r\n\t<\/div>\r\n<\/div><\/div>[vc_empty_space][\/vc_column][\/vc_row][vc_row content_width=&#8221;grid&#8221; content_aligment=&#8221;center&#8221; css=&#8221;.vc_custom_1483550897900{padding-top: 50px !important;padding-bottom: 50px !important;background-color: #f6f6f8 !important;}&#8221;][vc_column]<div class=\"qodef-elements-holder qodef-two-columns qodef-responsive-mode-768 qodef-one-column-alignment-center\" ><div class=\"qodef-elements-holder-item qodef-vertical-alignment-middle qodef-horizontal-alignment-left\" >\r\n\t<div class=\"qodef-elements-holder-item-inner\">\r\n\t\t<div class=\"qodef-elements-holder-item-content qodef-elements-holder-custom-311953\" style=\"padding: 0px 0px 0px 0px\">\r\n\t\t\t\t\t\t<style type=\"text\/css\" data-type=\"qodef-elements-custom-padding\">\r\n\t\t\t\t\t\t\t\t@media only screen and (min-width: 1280px) and (max-width: 1600px) {\r\n\t\t\t\t\t.qodef-elements-holder .qodef-elements-holder-item-content.qodef-elements-holder-custom-311953 {\r\n\t\t\t\t\t\tpadding:  !important;\r\n\t\t\t\t\t}\r\n\t\t\t\t}\r\n\t\t\t\t\t\t\t\t\t\t\t\t\t@media only screen and (min-width: 1024px) and (max-width: 1280px) {\r\n\t\t\t\t\t\t.qodef-elements-holder .qodef-elements-holder-item-content.qodef-elements-holder-custom-311953 {\r\n\t\t\t\t\t\t\tpadding:  !important;\r\n\t\t\t\t\t\t}\r\n\t\t\t\t\t}\r\n\t\t\t\t\t\t\t\t\t\t\t\t@media only screen and (min-width: 768px) and (max-width: 1024px) {\r\n\t\t\t\t\t.qodef-elements-holder .qodef-elements-holder-item-content.qodef-elements-holder-custom-311953 {\r\n\t\t\t\t\t\tpadding: 140px 0 0 0 !important;\r\n\t\t\t\t\t}\r\n\t\t\t\t}\r\n\t\t\t\t\t\t\t\t\t\t\t\t@media only screen and (min-width: 600px) and (max-width: 768px) {\r\n\t\t\t\t\t.qodef-elements-holder .qodef-elements-holder-item-content.qodef-elements-holder-custom-311953 {\r\n\t\t\t\t\t\tpadding:  !important;\r\n\t\t\t\t\t}\r\n\t\t\t\t}\r\n\t\t\t\t\t\t\t\t\t\t\t\t@media only screen and (min-width: 480px) and (max-width: 600px) {\r\n\t\t\t\t\t.qodef-elements-holder .qodef-elements-holder-item-content.qodef-elements-holder-custom-311953 {\r\n\t\t\t\t\t\tpadding:  !important;\r\n\t\t\t\t\t}\r\n\t\t\t\t}\r\n\t\t\t\t\t\t\t\t\t\t\t\t@media only screen and (max-width: 480px) {\r\n\t\t\t\t\t.qodef-elements-holder .qodef-elements-holder-item-content.qodef-elements-holder-custom-311953 {\r\n\t\t\t\t\t\tpadding:  !important;\r\n\t\t\t\t\t}\r\n\t\t\t\t}\r\n\t\t\t\t\t\t\t\t<\/style>\r\n\t\t\t\t\t\t[vc_single_image image=&#8221;5848&#8243; img_size=&#8221;full&#8221; alignment=&#8221;center&#8221; css_animation=&#8221;bottom-to-top&#8221;]\t\t<\/div>\r\n\t<\/div>\r\n<\/div><div class=\"qodef-elements-holder-item qodef-vertical-alignment-middle qodef-horizontal-alignment-left qodef-fade-in\" >\r\n\t<div class=\"qodef-elements-holder-item-inner\">\r\n\t\t<div class=\"qodef-elements-holder-item-content qodef-elements-holder-custom-984410\" style=\"padding: 0px 0px 0px 0px \">\r\n\t\t\t\t\t\t[vc_empty_space height=&#8221;19px&#8221;][vc_column_text]<\/p>\n<h2>Solu\u00e7\u00f5es<\/h2>\n<p>[\/vc_column_text][vc_empty_space height=&#8221;19px&#8221;][vc_column_text]<\/p>\n<h4>Uma plataforma de processamento de transa\u00e7\u00f5es robusta para as atender as diversas necessidades de nossos clientes:<\/h4>\n<ul>\n<li>Bancos<\/li>\n<li>Distribuidores<\/li>\n<li>Lojistas e Varejistas<\/li>\n<li>Provedores de conte\u00fado<\/li>\n<\/ul>\n<p>[\/vc_column_text][vc_empty_space height=&#8221;43px&#8221;]<a href=\"\/solutions\" target=\"_self\"  class=\"qodef-btn qodef-btn-medium qodef-btn-solid qodef-btn-icon\"  >\n        <span class=\"qodef-btn-text\">SAIBA MAIS<\/span>\n    <span class=\"qodef-btn-text-icon\"><i class=\"qodef-icon-simple-line-icon icon-arrow-right-circle \" ><\/i><\/span>\n<\/a>[vc_empty_space height=&#8221;40px&#8221;]\t\t<\/div>\r\n\t<\/div>\r\n<\/div><\/div>[\/vc_column][\/vc_row][vc_row content_width=&#8221;grid&#8221; content_aligment=&#8221;center&#8221; css=&#8221;.vc_custom_1483550617339{padding-top: 50px !important;padding-bottom: 50px !important;background-position: center !important;background-repeat: no-repeat !important;background-size: cover !important;}&#8221;][vc_column][vc_column_text]<\/p>\n<h2>Como funciona<\/h2>\n<p>[\/vc_column_text][vc_empty_space height=&#8221;22px&#8221;][vc_column_text]<\/p>\n<h4 style=\"text-align: center;\">A arquitetura eFresh\u2122 permite selecionar caracter\u00edsticas e fun\u00e7\u00f5es espec\u00edficas ou escolher o equipamento que melhor se enquadra \u00e0s necessidades do seu neg\u00f3cio, independente da marca ou da tecnologia utilizada.<\/h4>\n<p>[\/vc_column_text][vc_empty_space height=&#8221;89px&#8221;]<div  class=\"qodef-process-holder columns-4\"><div class=\"qodef-process-holder-inner\"><div class=\"qodef-process-item\">\r\n    <div class=\"qodef-process-item-icon-holder-wrapper\">\r\n        <div class=\"qodef-process-item-icon-holder\">\r\n            <span class=\"qodef-process-item-background-holder\">\r\n                \n    <span class=\"qodef-icon-shortcode circle \"  >\n        \n        <i class=\"qodef-icon-font-awesome fa fa-gift qodef-icon-element\" style=\"\" ><\/i>\n            <\/span>\n\n            <\/span>\r\n        <\/div>\r\n    <\/div>\r\n    <div class=\"qodef-process-item-content-holder\">\r\n        <div class=\"qodef-process-item-title-holder\">\r\n            <h5>Provedor de Conte\u00fado<\/h5>\r\n        <\/div>\r\n        <div class=\"qodef-process-item-text-holder\">\r\n            <p>Distribua produtos e servi\u00e7os pr\u00e9-pagos atrav\u00e9s de uma ampla rede de pontos de venda e amplie a presen\u00e7a da sua marca.<\/p>\r\n        <\/div>\r\n    <\/div>\r\n<\/div><div class=\"qodef-process-item\">\r\n    <div class=\"qodef-process-item-icon-holder-wrapper\">\r\n        <div class=\"qodef-process-item-icon-holder\">\r\n            <span class=\"qodef-process-item-background-holder\">\r\n                \n    <span class=\"qodef-icon-shortcode circle \"  >\n        \n        <i class=\"qodef-icon-font-awesome fa fa-cloud qodef-icon-element\" style=\"\" ><\/i>\n            <\/span>\n\n            <\/span>\r\n        <\/div>\r\n    <\/div>\r\n    <div class=\"qodef-process-item-content-holder\">\r\n        <div class=\"qodef-process-item-title-holder\">\r\n            <h5>Plataforma eFresh\u2122<\/h5>\r\n        <\/div>\r\n        <div class=\"qodef-process-item-text-holder\">\r\n            <p>Uma plataforma de miss\u00e3o cr\u00edtica que possibilita m\u00faltiplas transa\u00e7\u00f5es e um processo de distribui\u00e7\u00e3o de acordo com as suas necessidades.<\/p>\r\n        <\/div>\r\n    <\/div>\r\n<\/div><div class=\"qodef-process-item\">\r\n    <div class=\"qodef-process-item-icon-holder-wrapper\">\r\n        <div class=\"qodef-process-item-icon-holder\">\r\n            <span class=\"qodef-process-item-background-holder\">\r\n                \n    <span class=\"qodef-icon-shortcode circle \"  >\n        \n        <i class=\"qodef-icon-font-awesome fa fa-check-square-o qodef-icon-element\" style=\"\" ><\/i>\n            <\/span>\n\n            <\/span>\r\n        <\/div>\r\n    <\/div>\r\n    <div class=\"qodef-process-item-content-holder\">\r\n        <div class=\"qodef-process-item-title-holder\">\r\n            <h5>Distribuidor\/Varejista<\/h5>\r\n        <\/div>\r\n        <div class=\"qodef-process-item-text-holder\">\r\n            <p>Atraia novos clientes e aumente as vendas do seu neg\u00f3cio vendendo produtos e servi\u00e7os de valor agregado.<\/p>\r\n        <\/div>\r\n    <\/div>\r\n<\/div><div class=\"qodef-process-item\">\r\n    <div class=\"qodef-process-item-icon-holder-wrapper\">\r\n        <div class=\"qodef-process-item-icon-holder\">\r\n            <span class=\"qodef-process-item-background-holder\">\r\n                \n    <span class=\"qodef-icon-shortcode circle \"  >\n        \n        <i class=\"qodef-icon-font-awesome fa fa-credit-card-alt qodef-icon-element\" style=\"\" ><\/i>\n            <\/span>\n\n            <\/span>\r\n        <\/div>\r\n    <\/div>\r\n    <div class=\"qodef-process-item-content-holder\">\r\n        <div class=\"qodef-process-item-title-holder\">\r\n            <h5>Consumidor<\/h5>\r\n        <\/div>\r\n        <div class=\"qodef-process-item-text-holder\">\r\n            <p>Amplie os pontos de contato do seu potencial consumidor com os seus produtos e eleve o n\u00edvel de engajamento com a sua marca.<\/p>\r\n        <\/div>\r\n    <\/div>\r\n<\/div><\/div><\/div><a href=\"\/howitworks\" target=\"_self\"  class=\"qodef-btn qodef-btn-medium qodef-btn-solid qodef-btn-icon\"  >\n        <span class=\"qodef-btn-text\">SAIBA MAIS<\/span>\n    <span class=\"qodef-btn-text-icon\"><i class=\"qodef-icon-simple-line-icon icon-arrow-right-circle \" ><\/i><\/span>\n<\/a>[\/vc_column][\/vc_row][vc_row content_width=&#8221;grid&#8221; content_aligment=&#8221;center&#8221; css=&#8221;.vc_custom_1483550634787{padding-top: 50px !important;padding-bottom: 50px !important;background-color: #f4f4f4 !important;background-position: center !important;background-repeat: no-repeat !important;background-size: cover !important;}&#8221;][vc_column][vc_column_text]<\/p>\n<h2 style=\"text-align: center;\">Cases<\/h2>\n<p>[\/vc_column_text][vc_empty_space height=&#8221;22px&#8221;][vc_column_text]<\/p>\n<h4 style=\"text-align: center;\">Nossa experi\u00eancia global e abordagem colaborativa garante aos nossos clientes sucesso nos mercados financeiro e pr\u00e9-pago.<\/h4>\n<p>[\/vc_column_text][vc_empty_space height=&#8221;30px&#8221;][vc_single_image image=&#8221;5910&#8243; img_size=&#8221;full&#8221;][vc_empty_space height=&#8221;30px&#8221;]<a href=\"\/cases\" target=\"_self\"  class=\"qodef-btn qodef-btn-medium qodef-btn-solid qodef-btn-icon\"  >\n        <span class=\"qodef-btn-text\">SAIBA MAIS<\/span>\n    <span class=\"qodef-btn-text-icon\"><i class=\"qodef-icon-simple-line-icon icon-arrow-right-circle \" ><\/i><\/span>\n<\/a>[\/vc_column][\/vc_row][vc_row content_width=&#8221;grid&#8221; content_aligment=&#8221;center&#8221; css=&#8221;.vc_custom_1483550758068{padding-top: 50px !important;padding-bottom: 50px !important;}&#8221;][vc_column][vc_column_text]<\/p>\n<h2 style=\"text-align: center;\">Clients<\/h2>\n<p>[\/vc_column_text][vc_empty_space height=&#8221;20px&#8221;][vc_column_text]<\/p>\n<h4 style=\"text-align: center;\">Na Nexu, n\u00f3s entendemos os mercados onde estamos atuamos e temos exposi\u00e7\u00e3o \u00e0 m\u00faltiplas regi\u00f5es, que incluem Am\u00e9rica do Norte, Am\u00e9rica do Sul, \u00c1frica e Oriente M\u00e9dio. N\u00f3s identificamos provedores de conte\u00fado e servi\u00e7os confi\u00e1veis em todas as regi\u00f5es, desenvolvendo tecnologia de ponta e conhecimento para aumentar o valor das redes de distribui\u00e7\u00e3o de nossos clientes.<\/h4>\n<p>[\/vc_column_text][vc_empty_space height=&#8221;80px&#8221;]<div class=\"qodef-clients clearfix qodef-clients-three-columns\">\n\t\t<div class=\"qodef-client-holder qodef-hover-opacity\" >\n\t\t<div class=\"qodef-client-holder-inner\">\n\t\t\t<div class=\"qodef-client-image-holder\">\n\t\t\t\t                    <span class=\"qodef-client-image-nolink\">\n                \t\t\t\t\t<span class=\"qodef-client-image\">\n\t\t\t\t\t\t<img decoding=\"async\" src=\"https:\/\/nexu.ca\/wp-content\/uploads\/2017\/02\/Logo-One-Prepay-214x108.png\" alt=\"\" \/>\n\t\t\t\t\t<\/span>\n\t\t\t\t\t\t\t\t\t                    <\/span>\n                \t\t\t<\/div>\n\t\t<\/div>\n\t<\/div>\n\t<div class=\"qodef-client-holder qodef-hover-opacity\" >\n\t\t<div class=\"qodef-client-holder-inner\">\n\t\t\t<div class=\"qodef-client-image-holder\">\n\t\t\t\t                    <span class=\"qodef-client-image-nolink\">\n                \t\t\t\t\t<span class=\"qodef-client-image\">\n\t\t\t\t\t\t<img decoding=\"async\" src=\"https:\/\/nexu.ca\/wp-content\/uploads\/2017\/02\/Logo-GT-Bank-214x108.png\" alt=\"\" \/>\n\t\t\t\t\t<\/span>\n\t\t\t\t\t\t\t\t\t                    <\/span>\n                \t\t\t<\/div>\n\t\t<\/div>\n\t<\/div>\n\t<div class=\"qodef-client-holder qodef-hover-opacity\" >\n\t\t<div class=\"qodef-client-holder-inner\">\n\t\t\t<div class=\"qodef-client-image-holder\">\n\t\t\t\t                    <span class=\"qodef-client-image-nolink\">\n                \t\t\t\t\t<span class=\"qodef-client-image\">\n\t\t\t\t\t\t<img decoding=\"async\" src=\"https:\/\/nexu.ca\/wp-content\/uploads\/2017\/02\/Logo-Now-Prepay-Mozambique-214x108.png\" alt=\"\" \/>\n\t\t\t\t\t<\/span>\n\t\t\t\t\t\t\t\t\t                    <\/span>\n                \t\t\t<\/div>\n\t\t<\/div>\n\t<\/div>\n<\/div>[vc_empty_space height=&#8221;30px&#8221;]<div class=\"qodef-clients clearfix qodef-clients-three-columns\">\n\t\t<div class=\"qodef-client-holder qodef-hover-opacity\" >\n\t\t<div class=\"qodef-client-holder-inner\">\n\t\t\t<div class=\"qodef-client-image-holder\">\n\t\t\t\t                    <span class=\"qodef-client-image-nolink\">\n                \t\t\t\t\t<span class=\"qodef-client-image\">\n\t\t\t\t\t\t<img decoding=\"async\" src=\"https:\/\/nexu.ca\/wp-content\/uploads\/2017\/02\/Logo-Payment-Source-214x108.jpg\" alt=\"\" \/>\n\t\t\t\t\t<\/span>\n\t\t\t\t\t\t\t\t\t                    <\/span>\n                \t\t\t<\/div>\n\t\t<\/div>\n\t<\/div>\n\t<div class=\"qodef-client-holder qodef-hover-opacity\" >\n\t\t<div class=\"qodef-client-holder-inner\">\n\t\t\t<div class=\"qodef-client-image-holder\">\n\t\t\t\t                    <span class=\"qodef-client-image-nolink\">\n                \t\t\t\t\t<span class=\"qodef-client-image\">\n\t\t\t\t\t\t<img decoding=\"async\" src=\"https:\/\/nexu.ca\/wp-content\/uploads\/2017\/02\/Mobinet-Blue-34-Logo-214x108.png\" alt=\"\" \/>\n\t\t\t\t\t<\/span>\n\t\t\t\t\t\t\t\t\t                    <\/span>\n                \t\t\t<\/div>\n\t\t<\/div>\n\t<\/div>\n\t<div class=\"qodef-client-holder qodef-hover-opacity\" >\n\t\t<div class=\"qodef-client-holder-inner\">\n\t\t\t<div class=\"qodef-client-image-holder\">\n\t\t\t\t                    <span class=\"qodef-client-image-nolink\">\n                \t\t\t\t\t<span class=\"qodef-client-image\">\n\t\t\t\t\t\t<img decoding=\"async\" src=\"https:\/\/nexu.ca\/wp-content\/uploads\/2017\/02\/Logo-Roshan-214x108.png\" alt=\"\" \/>\n\t\t\t\t\t<\/span>\n\t\t\t\t\t\t\t\t\t                    <\/span>\n                \t\t\t<\/div>\n\t\t<\/div>\n\t<\/div>\n<\/div>[\/vc_column][\/vc_row]<\/p>","protected":false},"excerpt":{"rendered":"<p>[vc_row content_width=&#8221;grid&#8221; css=&#8221;.vc_custom_1482763752267{padding-top: 15px !important;background-color: #ffffff !important;}&#8221;][vc_column][vc_empty_space][vc_empty_space][\/vc_column][\/vc_row][vc_row content_width=&#8221;grid&#8221; content_aligment=&#8221;center&#8221; css=&#8221;.vc_custom_1483550897900{padding-top: 50px !important;padding-bottom: 50px !important;background-color: #f6f6f8 !important;}&#8221;][vc_column][\/vc_column][\/vc_row][vc_row content_width=&#8221;grid&#8221; content_aligment=&#8221;center&#8221; css=&#8221;.vc_custom_1483550617339{padding-top: 50px !important;padding-bottom:&#8230;<\/p>\n","protected":false},"author":2,"featured_media":0,"parent":0,"menu_order":0,"comment_status":"closed","ping_status":"closed","template":"full-width.php","meta":{"footnotes":""},"_links":{"self":[{"href":"https:\/\/nexu.ca\/pb\/wp-json\/wp\/v2\/pages\/440"}],"collection":[{"href":"https:\/\/nexu.ca\/pb\/wp-json\/wp\/v2\/pages"}],"about":[{"href":"https:\/\/nexu.ca\/pb\/wp-json\/wp\/v2\/types\/page"}],"author":[{"embeddable":true,"href":"https:\/\/nexu.ca\/pb\/wp-json\/wp\/v2\/users\/2"}],"replies":[{"embeddable":true,"href":"https:\/\/nexu.ca\/pb\/wp-json\/wp\/v2\/comments?post=440"}],"version-history":[{"count":68,"href":"https:\/\/nexu.ca\/pb\/wp-json\/wp\/v2\/pages\/440\/revisions"}],"predecessor-version":[{"id":6107,"href":"https:\/\/nexu.ca\/pb\/wp-json\/wp\/v2\/pages\/440\/revisions\/6107"}],"wp:attachment":[{"href":"https:\/\/nexu.ca\/pb\/wp-json\/wp\/v2\/media?parent=440"}],"curies":[{"name":"wp","href":"https:\/\/api.w.org\/{rel}","templated":true}]}}